{"id":26787,"date":"2025-11-13T16:16:04","date_gmt":"2025-11-13T14:16:04","guid":{"rendered":"https:\/\/atcorfu.com\/de\/?page_id=26787"},"modified":"2026-04-23T22:53:28","modified_gmt":"2026-04-23T19:53:28","slug":"monster-und-daemonen","status":"publish","type":"page","link":"https:\/\/atcorfu.com\/de\/griechische-mythologie\/monster-und-daemonen\/","title":{"rendered":"Monster und D\u00e4monen in der griechischen Mythologie"},"content":{"rendered":"<p>Die griechische Mythologie steckt nicht nur voller Helden und G\u00f6tter, sie ist auch ein Reich voller Monster und D\u00e4monen, die Ehrfurcht und Furcht zugleich ausl\u00f6sen.<\/p>\n<p>Von furchterregenden Kreaturen, die in dunklen W\u00e4ldern lauern, bis zu listigen D\u00e4monen, die selbst die kl\u00fcgsten Helden herausfordern, zeigen diese Geschichten eine Welt voller Gefahr, Abenteuer und unvergesslicher Begegnungen. Entdecke die Wesen, die Generationen von Menschen fasziniert und erschreckt haben.<\/p>\n<div class=\"scroll-carousel-wrapper\"><div class=\"scroll-carousel\"><div class=\"scroll-carousel-item\"><a href=\"https:\/\/atcorfu.com\/de\/typhon-das-ungeheuer\/\"><img decoding=\"async\" width=\"700\" height=\"700\" src=\"https:\/\/atcorfu.com\/de\/wp-content\/uploads\/sites\/3\/2025\/10\/typhon-greek-mythology-monster-700x700.webp\" class=\"attachment-medium size-medium wp-post-image\" alt=\"Typhon, der m\u00e4chtige Sturm-Riese der griechischen Mythologie\" srcset=\"https:\/\/atcorfu.com\/de\/wp-content\/uploads\/sites\/3\/2025\/10\/typhon-greek-mythology-monster-700x700.webp 700w, https:\/\/atcorfu.com\/de\/wp-content\/uploads\/sites\/3\/2025\/10\/typhon-greek-mythology-monster-320x320.webp 320w, https:\/\/atcorfu.com\/de\/wp-content\/uploads\/sites\/3\/2025\/10\/typhon-greek-mythology-monster-768x768.webp 768w, https:\/\/atcorfu.com\/de\/wp-content\/uploads\/sites\/3\/2025\/10\/typhon-greek-mythology-monster-728x728.webp 728w, https:\/\/atcorfu.com\/de\/wp-content\/uploads\/sites\/3\/2025\/10\/typhon-greek-mythology-monster-364x364.webp 364w, https:\/\/atcorfu.com\/de\/wp-content\/uploads\/sites\/3\/2025\/10\/typhon-greek-mythology-monster-520x520.webp 520w, https:\/\/atcorfu.com\/de\/wp-content\/uploads\/sites\/3\/2025\/10\/typhon-greek-mythology-monster-260x260.webp 260w, https:\/\/atcorfu.com\/de\/wp-content\/uploads\/sites\/3\/2025\/10\/typhon-greek-mythology-monster-730x730.webp 730w, https:\/\/atcorfu.com\/de\/wp-content\/uploads\/sites\/3\/2025\/10\/typhon-greek-mythology-monster-365x365.webp 365w, https:\/\/atcorfu.com\/de\/wp-content\/uploads\/sites\/3\/2025\/10\/typhon-greek-mythology-monster.webp 1024w\" sizes=\"(max-width: 700px) 100vw, 700px\"><h4>Typhons Nachkommen und Verm\u00e4chtnis: Die monstr\u00f6sen Kinder des Sturmriesen<\/h4><\/a><\/div><div class=\"scroll-carousel-item\"><a href=\"https:\/\/atcorfu.com\/de\/treffen-mit-6-maechtigen-monstern-der-griechischen-mythologie\/\"><img decoding=\"async\" width=\"585\" height=\"700\" src=\"https:\/\/atcorfu.com\/de\/wp-content\/uploads\/sites\/3\/2023\/10\/empousa-585x700.jpg\" class=\"attachment-medium size-medium wp-post-image\" alt=\"Empousa\" srcset=\"https:\/\/atcorfu.com\/de\/wp-content\/uploads\/sites\/3\/2023\/10\/empousa-585x700.jpg 585w, https:\/\/atcorfu.com\/de\/wp-content\/uploads\/sites\/3\/2023\/10\/empousa-700x837.jpg 700w, https:\/\/atcorfu.com\/de\/wp-content\/uploads\/sites\/3\/2023\/10\/empousa-768x919.jpg 768w, https:\/\/atcorfu.com\/de\/wp-content\/uploads\/sites\/3\/2023\/10\/empousa-728x870.jpg 728w, https:\/\/atcorfu.com\/de\/wp-content\/uploads\/sites\/3\/2023\/10\/empousa-364x435.jpg 364w, https:\/\/atcorfu.com\/de\/wp-content\/uploads\/sites\/3\/2023\/10\/empousa-520x622.jpg 520w, https:\/\/atcorfu.com\/de\/wp-content\/uploads\/sites\/3\/2023\/10\/empousa-260x311.jpg 260w, https:\/\/atcorfu.com\/de\/wp-content\/uploads\/sites\/3\/2023\/10\/empousa.jpg 836w\" sizes=\"(max-width: 585px) 100vw, 585px\"><h4>Treffen mit 6 m\u00e4chtigen Monstern der Griechischen Mythologie<\/h4><\/a><\/div><\/div><\/div>\n","protected":false},"excerpt":{"rendered":"<p>Die griechische Mythologie steckt nicht nur voller Helden und G\u00f6tter, sie ist auch ein Reich voller Monster und D\u00e4monen, die &hellip; <a class=\"kt-excerpt-readmore\" href=\"https:\/\/atcorfu.com\/de\/griechische-mythologie\/monster-und-daemonen\/\" aria-label=\"Monster und D\u00e4monen in der griechischen Mythologie\">Weiterlesen<\/a><\/p>\n","protected":false},"author":3,"featured_media":26608,"parent":24776,"menu_order":0,"comment_status":"closed","ping_status":"closed","template":"","meta":{"kt_blocks_editor_width":"","footnotes":""},"class_list":["post-26787","page","type-page","status-publish","has-post-thumbnail","hentry"],"_links":{"self":[{"href":"https:\/\/atcorfu.com\/de\/wp-json\/wp\/v2\/pages\/26787","targetHints":{"allow":["GET"]}}],"collection":[{"href":"https:\/\/atcorfu.com\/de\/wp-json\/wp\/v2\/pages"}],"about":[{"href":"https:\/\/atcorfu.com\/de\/wp-json\/wp\/v2\/types\/page"}],"author":[{"embeddable":true,"href":"https:\/\/atcorfu.com\/de\/wp-json\/wp\/v2\/users\/3"}],"replies":[{"embeddable":true,"href":"https:\/\/atcorfu.com\/de\/wp-json\/wp\/v2\/comments?post=26787"}],"version-history":[{"count":2,"href":"https:\/\/atcorfu.com\/de\/wp-json\/wp\/v2\/pages\/26787\/revisions"}],"predecessor-version":[{"id":27032,"href":"https:\/\/atcorfu.com\/de\/wp-json\/wp\/v2\/pages\/26787\/revisions\/27032"}],"up":[{"embeddable":true,"href":"https:\/\/atcorfu.com\/de\/wp-json\/wp\/v2\/pages\/24776"}],"wp:featuredmedia":[{"embeddable":true,"href":"https:\/\/atcorfu.com\/de\/wp-json\/wp\/v2\/media\/26608"}],"wp:attachment":[{"href":"https:\/\/atcorfu.com\/de\/wp-json\/wp\/v2\/media?parent=26787"}],"curies":[{"name":"wp","href":"https:\/\/api.w.org\/{rel}","templated":true}]}}