{"id":26783,"date":"2025-11-13T16:11:30","date_gmt":"2025-11-13T14:11:30","guid":{"rendered":"https:\/\/atcorfu.com\/de\/?page_id=26783"},"modified":"2026-04-23T22:52:47","modified_gmt":"2026-04-23T19:52:47","slug":"helden-und-halbgoetter","status":"publish","type":"page","link":"https:\/\/atcorfu.com\/de\/griechische-mythologie\/helden-und-halbgoetter\/","title":{"rendered":"Helden und Halbg\u00f6tter"},"content":{"rendered":"<p>Die Helden der griechischen Mythologie sind mutig, clever und oft mit \u00fcbernat\u00fcrlichen Kr\u00e4ften ausgestattet.<\/p>\n<p>Ihre Geschichten handeln von epischen K\u00e4mpfen, unglaublichen Abenteuern und gro\u00dfen Opfern, die sie unvergesslich machen. Entdecke die Abenteuer der Helden, die bis heute die Fantasie und Geschichten der Menschen pr\u00e4gen<\/p>\n<div class=\"scroll-carousel-wrapper\"><div class=\"scroll-carousel\"><div class=\"scroll-carousel-item\"><a href=\"https:\/\/atcorfu.com\/de\/die-12-arbeiten-des-herkules-in-der-griechischen-mythologie\/\"><img decoding=\"async\" width=\"700\" height=\"572\" src=\"https:\/\/atcorfu.com\/de\/wp-content\/uploads\/sites\/3\/2023\/10\/Hercules-fighting-the-nemean-lion-700x572.jpg\" class=\"attachment-medium size-medium wp-post-image\" alt=\"Herkules k\u00e4mpft gegen den nemeischen L\u00f6wen\" srcset=\"https:\/\/atcorfu.com\/de\/wp-content\/uploads\/sites\/3\/2023\/10\/Hercules-fighting-the-nemean-lion-700x572.jpg 700w, https:\/\/atcorfu.com\/de\/wp-content\/uploads\/sites\/3\/2023\/10\/Hercules-fighting-the-nemean-lion-768x628.jpg 768w, https:\/\/atcorfu.com\/de\/wp-content\/uploads\/sites\/3\/2023\/10\/Hercules-fighting-the-nemean-lion-1140x932.jpg 1140w, https:\/\/atcorfu.com\/de\/wp-content\/uploads\/sites\/3\/2023\/10\/Hercules-fighting-the-nemean-lion-1536x1256.jpg 1536w, https:\/\/atcorfu.com\/de\/wp-content\/uploads\/sites\/3\/2023\/10\/Hercules-fighting-the-nemean-lion-2048x1674.jpg 2048w, https:\/\/atcorfu.com\/de\/wp-content\/uploads\/sites\/3\/2023\/10\/Hercules-fighting-the-nemean-lion-728x596.jpg 728w, https:\/\/atcorfu.com\/de\/wp-content\/uploads\/sites\/3\/2023\/10\/Hercules-fighting-the-nemean-lion-364x298.jpg 364w, https:\/\/atcorfu.com\/de\/wp-content\/uploads\/sites\/3\/2023\/10\/Hercules-fighting-the-nemean-lion-520x426.jpg 520w, https:\/\/atcorfu.com\/de\/wp-content\/uploads\/sites\/3\/2023\/10\/Hercules-fighting-the-nemean-lion-260x213.jpg 260w\" sizes=\"(max-width: 700px) 100vw, 700px\"><h4>Die 12 Arbeiten des Herkules in der Griechischen Mythologie<\/h4><\/a><\/div><div class=\"scroll-carousel-item\"><a href=\"https:\/\/atcorfu.com\/de\/theseus-und-der-minotaurus-held-gegen-das-ungeheuer-von-kreta\/\"><img decoding=\"async\" width=\"700\" height=\"700\" src=\"https:\/\/atcorfu.com\/de\/wp-content\/uploads\/sites\/3\/2025\/11\/theseus-fighting-minotaur-700x700.webp\" class=\"attachment-medium size-medium wp-post-image\" alt=\"Theseus k\u00e4mpft gegen den Minotaurus\" srcset=\"https:\/\/atcorfu.com\/de\/wp-content\/uploads\/sites\/3\/2025\/11\/theseus-fighting-minotaur-700x700.webp 700w, https:\/\/atcorfu.com\/de\/wp-content\/uploads\/sites\/3\/2025\/11\/theseus-fighting-minotaur-320x320.webp 320w, https:\/\/atcorfu.com\/de\/wp-content\/uploads\/sites\/3\/2025\/11\/theseus-fighting-minotaur-768x768.webp 768w, https:\/\/atcorfu.com\/de\/wp-content\/uploads\/sites\/3\/2025\/11\/theseus-fighting-minotaur-728x728.webp 728w, https:\/\/atcorfu.com\/de\/wp-content\/uploads\/sites\/3\/2025\/11\/theseus-fighting-minotaur-364x364.webp 364w, https:\/\/atcorfu.com\/de\/wp-content\/uploads\/sites\/3\/2025\/11\/theseus-fighting-minotaur-520x520.webp 520w, https:\/\/atcorfu.com\/de\/wp-content\/uploads\/sites\/3\/2025\/11\/theseus-fighting-minotaur-260x260.webp 260w, https:\/\/atcorfu.com\/de\/wp-content\/uploads\/sites\/3\/2025\/11\/theseus-fighting-minotaur.webp 1024w\" sizes=\"(max-width: 700px) 100vw, 700px\"><h4>Theseus und der Minotaurus: Held gegen das Ungeheuer von Kreta<\/h4><\/a><\/div><div class=\"scroll-carousel-item\"><a href=\"https:\/\/atcorfu.com\/de\/grosse-helden-in-der-griechischen-mythologie-und-ihre-arbeiten\/\"><img decoding=\"async\" width=\"700\" height=\"600\" src=\"https:\/\/atcorfu.com\/de\/wp-content\/uploads\/sites\/3\/2023\/10\/Bellerophon-700x600.jpg\" class=\"attachment-medium size-medium wp-post-image\" alt=\"Bellerophon\" srcset=\"https:\/\/atcorfu.com\/de\/wp-content\/uploads\/sites\/3\/2023\/10\/Bellerophon-700x600.jpg 700w, https:\/\/atcorfu.com\/de\/wp-content\/uploads\/sites\/3\/2023\/10\/Bellerophon-768x658.jpg 768w, https:\/\/atcorfu.com\/de\/wp-content\/uploads\/sites\/3\/2023\/10\/Bellerophon-1140x977.jpg 1140w, https:\/\/atcorfu.com\/de\/wp-content\/uploads\/sites\/3\/2023\/10\/Bellerophon-728x624.jpg 728w, https:\/\/atcorfu.com\/de\/wp-content\/uploads\/sites\/3\/2023\/10\/Bellerophon-364x312.jpg 364w, https:\/\/atcorfu.com\/de\/wp-content\/uploads\/sites\/3\/2023\/10\/Bellerophon-520x446.jpg 520w, https:\/\/atcorfu.com\/de\/wp-content\/uploads\/sites\/3\/2023\/10\/Bellerophon-260x223.jpg 260w, https:\/\/atcorfu.com\/de\/wp-content\/uploads\/sites\/3\/2023\/10\/Bellerophon.jpg 1400w\" sizes=\"(max-width: 700px) 100vw, 700px\"><h4>Gro\u00dfe Helden in der Griechischen Mythologie und ihre Arbeiten<\/h4><\/a><\/div><\/div><\/div>\n","protected":false},"excerpt":{"rendered":"<p>Die Helden der griechischen Mythologie sind mutig, clever und oft mit \u00fcbernat\u00fcrlichen Kr\u00e4ften ausgestattet. Ihre Geschichten handeln von epischen K\u00e4mpfen, &hellip; <a class=\"kt-excerpt-readmore\" href=\"https:\/\/atcorfu.com\/de\/griechische-mythologie\/helden-und-halbgoetter\/\" aria-label=\"Helden und Halbg\u00f6tter\">Weiterlesen<\/a><\/p>\n","protected":false},"author":3,"featured_media":26785,"parent":24776,"menu_order":0,"comment_status":"closed","ping_status":"closed","template":"","meta":{"kt_blocks_editor_width":"","footnotes":""},"class_list":["post-26783","page","type-page","status-publish","has-post-thumbnail","hentry"],"_links":{"self":[{"href":"https:\/\/atcorfu.com\/de\/wp-json\/wp\/v2\/pages\/26783","targetHints":{"allow":["GET"]}}],"collection":[{"href":"https:\/\/atcorfu.com\/de\/wp-json\/wp\/v2\/pages"}],"about":[{"href":"https:\/\/atcorfu.com\/de\/wp-json\/wp\/v2\/types\/page"}],"author":[{"embeddable":true,"href":"https:\/\/atcorfu.com\/de\/wp-json\/wp\/v2\/users\/3"}],"replies":[{"embeddable":true,"href":"https:\/\/atcorfu.com\/de\/wp-json\/wp\/v2\/comments?post=26783"}],"version-history":[{"count":3,"href":"https:\/\/atcorfu.com\/de\/wp-json\/wp\/v2\/pages\/26783\/revisions"}],"predecessor-version":[{"id":27031,"href":"https:\/\/atcorfu.com\/de\/wp-json\/wp\/v2\/pages\/26783\/revisions\/27031"}],"up":[{"embeddable":true,"href":"https:\/\/atcorfu.com\/de\/wp-json\/wp\/v2\/pages\/24776"}],"wp:featuredmedia":[{"embeddable":true,"href":"https:\/\/atcorfu.com\/de\/wp-json\/wp\/v2\/media\/26785"}],"wp:attachment":[{"href":"https:\/\/atcorfu.com\/de\/wp-json\/wp\/v2\/media?parent=26783"}],"curies":[{"name":"wp","href":"https:\/\/api.w.org\/{rel}","templated":true}]}}