{"id":26780,"date":"2025-11-13T15:58:30","date_gmt":"2025-11-13T13:58:30","guid":{"rendered":"https:\/\/atcorfu.com\/de\/?page_id=26780"},"modified":"2026-04-23T22:52:08","modified_gmt":"2026-04-23T19:52:08","slug":"griechische-goetter","status":"publish","type":"page","link":"https:\/\/atcorfu.com\/de\/griechische-mythologie\/griechische-goetter\/","title":{"rendered":"Griechische G\u00f6tter und Halbg\u00f6tter"},"content":{"rendered":"<p>Die Welt der griechischen Mythologie ist voller G\u00f6tter und Halbg\u00f6tter mit unglaublichen Kr\u00e4ften und faszinierenden Geschichten.<\/p>\n<p>Von den m\u00e4chtigen Olympiern bis zu den weniger bekannten Halbg\u00f6ttern, die zwischen Mensch und Gott stehen, haben ihre Abenteuer die Mythen gepr\u00e4gt, die wir noch heute erz\u00e4hlen. Entdecke die G\u00f6tter und Halbg\u00f6tter, die die antike Welt regierten, herausforderten und inspirierten.<\/p>\n<div class=\"scroll-carousel-wrapper\"><div class=\"scroll-carousel\"><div class=\"scroll-carousel-item\"><a href=\"https:\/\/atcorfu.com\/de\/antike-goettinnen-maechtige-frauen-der-griechischen-mythologie\/\"><img decoding=\"async\" width=\"700\" height=\"700\" src=\"https:\/\/atcorfu.com\/de\/wp-content\/uploads\/sites\/3\/2025\/10\/rhea-700x700.webp\" class=\"attachment-medium size-medium wp-post-image\" alt=\"Rhea \u2013 K\u00f6nigin der 12 G\u00f6tter\" srcset=\"https:\/\/atcorfu.com\/de\/wp-content\/uploads\/sites\/3\/2025\/10\/rhea-700x700.webp 700w, https:\/\/atcorfu.com\/de\/wp-content\/uploads\/sites\/3\/2025\/10\/rhea-320x320.webp 320w, https:\/\/atcorfu.com\/de\/wp-content\/uploads\/sites\/3\/2025\/10\/rhea-768x768.webp 768w, https:\/\/atcorfu.com\/de\/wp-content\/uploads\/sites\/3\/2025\/10\/rhea-728x728.webp 728w, https:\/\/atcorfu.com\/de\/wp-content\/uploads\/sites\/3\/2025\/10\/rhea-364x364.webp 364w, https:\/\/atcorfu.com\/de\/wp-content\/uploads\/sites\/3\/2025\/10\/rhea-520x520.webp 520w, https:\/\/atcorfu.com\/de\/wp-content\/uploads\/sites\/3\/2025\/10\/rhea-260x260.webp 260w, https:\/\/atcorfu.com\/de\/wp-content\/uploads\/sites\/3\/2025\/10\/rhea-730x730.webp 730w, https:\/\/atcorfu.com\/de\/wp-content\/uploads\/sites\/3\/2025\/10\/rhea-365x365.webp 365w, https:\/\/atcorfu.com\/de\/wp-content\/uploads\/sites\/3\/2025\/10\/rhea.webp 894w\" sizes=\"(max-width: 700px) 100vw, 700px\"><h4>Antike G\u00f6ttinnen: M\u00e4chtige Frauen der griechischen Mythologie<\/h4><\/a><\/div><div class=\"scroll-carousel-item\"><a href=\"https:\/\/atcorfu.com\/de\/zeus-beziehungen\/\"><img decoding=\"async\" width=\"700\" height=\"700\" src=\"https:\/\/atcorfu.com\/de\/wp-content\/uploads\/sites\/3\/2025\/10\/zeus-700x700.jpg\" class=\"attachment-medium size-medium wp-post-image\" alt=\"Zeus\" srcset=\"https:\/\/atcorfu.com\/de\/wp-content\/uploads\/sites\/3\/2025\/10\/zeus-700x700.jpg 700w, https:\/\/atcorfu.com\/de\/wp-content\/uploads\/sites\/3\/2025\/10\/zeus-320x320.jpg 320w, https:\/\/atcorfu.com\/de\/wp-content\/uploads\/sites\/3\/2025\/10\/zeus-768x768.jpg 768w, https:\/\/atcorfu.com\/de\/wp-content\/uploads\/sites\/3\/2025\/10\/zeus-728x728.jpg 728w, https:\/\/atcorfu.com\/de\/wp-content\/uploads\/sites\/3\/2025\/10\/zeus-364x364.jpg 364w, https:\/\/atcorfu.com\/de\/wp-content\/uploads\/sites\/3\/2025\/10\/zeus-520x520.jpg 520w, https:\/\/atcorfu.com\/de\/wp-content\/uploads\/sites\/3\/2025\/10\/zeus-260x260.jpg 260w, https:\/\/atcorfu.com\/de\/wp-content\/uploads\/sites\/3\/2025\/10\/zeus-730x730.jpg 730w, https:\/\/atcorfu.com\/de\/wp-content\/uploads\/sites\/3\/2025\/10\/zeus-365x365.jpg 365w, https:\/\/atcorfu.com\/de\/wp-content\/uploads\/sites\/3\/2025\/10\/zeus.jpg 1024w\" sizes=\"(max-width: 700px) 100vw, 700px\"><h4>Zeus\u2019 Beziehungen: Die legend\u00e4ren Romanzen und Dramen des Donnergottes<\/h4><\/a><\/div><div class=\"scroll-carousel-item\"><a href=\"https:\/\/atcorfu.com\/de\/griechische-theogonie-das-hesiod-epos\/\"><img decoding=\"async\" width=\"700\" height=\"700\" src=\"https:\/\/atcorfu.com\/de\/wp-content\/uploads\/sites\/3\/2022\/07\/gaia-and-uranos-700x700.jpg\" class=\"attachment-medium size-medium wp-post-image\" alt=\"Gaia Und Uranos\" srcset=\"https:\/\/atcorfu.com\/de\/wp-content\/uploads\/sites\/3\/2022\/07\/gaia-and-uranos-700x700.jpg 700w, https:\/\/atcorfu.com\/de\/wp-content\/uploads\/sites\/3\/2022\/07\/gaia-and-uranos-320x320.jpg 320w, https:\/\/atcorfu.com\/de\/wp-content\/uploads\/sites\/3\/2022\/07\/gaia-and-uranos-768x768.jpg 768w, https:\/\/atcorfu.com\/de\/wp-content\/uploads\/sites\/3\/2022\/07\/gaia-and-uranos-728x728.jpg 728w, https:\/\/atcorfu.com\/de\/wp-content\/uploads\/sites\/3\/2022\/07\/gaia-and-uranos-364x364.jpg 364w, https:\/\/atcorfu.com\/de\/wp-content\/uploads\/sites\/3\/2022\/07\/gaia-and-uranos-520x520.jpg 520w, https:\/\/atcorfu.com\/de\/wp-content\/uploads\/sites\/3\/2022\/07\/gaia-and-uranos-260x260.jpg 260w, https:\/\/atcorfu.com\/de\/wp-content\/uploads\/sites\/3\/2022\/07\/gaia-and-uranos.jpg 1024w\" sizes=\"(max-width: 700px) 100vw, 700px\"><h4>Griechische Theogonie: Das Hesiod-Epos<\/h4><\/a><\/div><div class=\"scroll-carousel-item\"><a href=\"https:\/\/atcorfu.com\/de\/hekate-goettin-der-unterwelt\/\"><img decoding=\"async\" width=\"700\" height=\"700\" src=\"https:\/\/atcorfu.com\/de\/wp-content\/uploads\/sites\/3\/2025\/12\/hecate-chtonic-goddess-700x700.jpg\" class=\"attachment-medium size-medium wp-post-image\" alt=\"Hekate - Chtonik goddess\" srcset=\"https:\/\/atcorfu.com\/de\/wp-content\/uploads\/sites\/3\/2025\/12\/hecate-chtonic-goddess-700x700.jpg 700w, https:\/\/atcorfu.com\/de\/wp-content\/uploads\/sites\/3\/2025\/12\/hecate-chtonic-goddess-320x320.jpg 320w, https:\/\/atcorfu.com\/de\/wp-content\/uploads\/sites\/3\/2025\/12\/hecate-chtonic-goddess-768x768.jpg 768w, https:\/\/atcorfu.com\/de\/wp-content\/uploads\/sites\/3\/2025\/12\/hecate-chtonic-goddess-728x728.jpg 728w, https:\/\/atcorfu.com\/de\/wp-content\/uploads\/sites\/3\/2025\/12\/hecate-chtonic-goddess-364x364.jpg 364w, https:\/\/atcorfu.com\/de\/wp-content\/uploads\/sites\/3\/2025\/12\/hecate-chtonic-goddess-520x520.jpg 520w, https:\/\/atcorfu.com\/de\/wp-content\/uploads\/sites\/3\/2025\/12\/hecate-chtonic-goddess-260x260.jpg 260w, https:\/\/atcorfu.com\/de\/wp-content\/uploads\/sites\/3\/2025\/12\/hecate-chtonic-goddess.jpg 1024w\" sizes=\"(max-width: 700px) 100vw, 700px\"><h4>Ich bin Hekate: G\u00f6ttin der Unterwelt, der Magie und der Wegkreuzungen<\/h4><\/a><\/div><div class=\"scroll-carousel-item\"><a href=\"https:\/\/atcorfu.com\/de\/die-zwoelf-olympischen-goetter\/\"><img decoding=\"async\" width=\"700\" height=\"700\" src=\"https:\/\/atcorfu.com\/de\/wp-content\/uploads\/sites\/3\/2021\/10\/olympian-greek-gods-700x700.avif\" class=\"attachment-medium size-medium wp-post-image\" alt=\"Die 12 olympischen G\u00f6tter\" srcset=\"https:\/\/atcorfu.com\/de\/wp-content\/uploads\/sites\/3\/2021\/10\/olympian-greek-gods-700x700.avif 700w, https:\/\/atcorfu.com\/de\/wp-content\/uploads\/sites\/3\/2021\/10\/olympian-greek-gods-320x320.avif 320w, https:\/\/atcorfu.com\/de\/wp-content\/uploads\/sites\/3\/2021\/10\/olympian-greek-gods-768x768.avif 768w, https:\/\/atcorfu.com\/de\/wp-content\/uploads\/sites\/3\/2021\/10\/olympian-greek-gods-520x520.avif 520w, https:\/\/atcorfu.com\/de\/wp-content\/uploads\/sites\/3\/2021\/10\/olympian-greek-gods-260x260.avif 260w, https:\/\/atcorfu.com\/de\/wp-content\/uploads\/sites\/3\/2021\/10\/olympian-greek-gods-728x728.avif 728w, https:\/\/atcorfu.com\/de\/wp-content\/uploads\/sites\/3\/2021\/10\/olympian-greek-gods-364x364.avif 364w, https:\/\/atcorfu.com\/de\/wp-content\/uploads\/sites\/3\/2021\/10\/olympian-greek-gods.avif 1024w\" sizes=\"(max-width: 700px) 100vw, 700px\"><h4>Griechische Mythologie: Die 12 Griechischen G\u00f6tter<\/h4><\/a><\/div><div class=\"scroll-carousel-item\"><a href=\"https:\/\/atcorfu.com\/de\/ich-bin-nyx-die-urnacht\/\"><img decoding=\"async\" width=\"700\" height=\"700\" src=\"https:\/\/atcorfu.com\/de\/wp-content\/uploads\/sites\/3\/2025\/12\/nyx-primordiad-divine-entity-700x700.jpg\" class=\"attachment-medium size-medium wp-post-image\" alt=\"Nyx \u2013 Urg\u00f6ttliche Wesenheit\" srcset=\"https:\/\/atcorfu.com\/de\/wp-content\/uploads\/sites\/3\/2025\/12\/nyx-primordiad-divine-entity-700x700.jpg 700w, https:\/\/atcorfu.com\/de\/wp-content\/uploads\/sites\/3\/2025\/12\/nyx-primordiad-divine-entity-320x320.jpg 320w, https:\/\/atcorfu.com\/de\/wp-content\/uploads\/sites\/3\/2025\/12\/nyx-primordiad-divine-entity-768x768.jpg 768w, https:\/\/atcorfu.com\/de\/wp-content\/uploads\/sites\/3\/2025\/12\/nyx-primordiad-divine-entity-728x728.jpg 728w, https:\/\/atcorfu.com\/de\/wp-content\/uploads\/sites\/3\/2025\/12\/nyx-primordiad-divine-entity-364x364.jpg 364w, https:\/\/atcorfu.com\/de\/wp-content\/uploads\/sites\/3\/2025\/12\/nyx-primordiad-divine-entity-520x520.jpg 520w, https:\/\/atcorfu.com\/de\/wp-content\/uploads\/sites\/3\/2025\/12\/nyx-primordiad-divine-entity-260x260.jpg 260w, https:\/\/atcorfu.com\/de\/wp-content\/uploads\/sites\/3\/2025\/12\/nyx-primordiad-divine-entity.jpg 1024w\" sizes=\"(max-width: 700px) 100vw, 700px\"><h4>Ich bin Nyx: Die Urnacht<\/h4><\/a><\/div><div class=\"scroll-carousel-item\"><a href=\"https:\/\/atcorfu.com\/de\/die-kinder-der-nyx\/\"><img decoding=\"async\" width=\"700\" height=\"700\" src=\"https:\/\/atcorfu.com\/de\/wp-content\/uploads\/sites\/3\/2025\/12\/children-of-nyx-greek-mythology-700x700.jpg\" class=\"attachment-medium size-medium wp-post-image\" alt=\"Kinder der Nyx \u2013 Griechische Mythologie\" srcset=\"https:\/\/atcorfu.com\/de\/wp-content\/uploads\/sites\/3\/2025\/12\/children-of-nyx-greek-mythology-700x700.jpg 700w, https:\/\/atcorfu.com\/de\/wp-content\/uploads\/sites\/3\/2025\/12\/children-of-nyx-greek-mythology-320x320.jpg 320w, https:\/\/atcorfu.com\/de\/wp-content\/uploads\/sites\/3\/2025\/12\/children-of-nyx-greek-mythology-768x768.jpg 768w, https:\/\/atcorfu.com\/de\/wp-content\/uploads\/sites\/3\/2025\/12\/children-of-nyx-greek-mythology-728x728.jpg 728w, https:\/\/atcorfu.com\/de\/wp-content\/uploads\/sites\/3\/2025\/12\/children-of-nyx-greek-mythology-364x364.jpg 364w, https:\/\/atcorfu.com\/de\/wp-content\/uploads\/sites\/3\/2025\/12\/children-of-nyx-greek-mythology-520x520.jpg 520w, https:\/\/atcorfu.com\/de\/wp-content\/uploads\/sites\/3\/2025\/12\/children-of-nyx-greek-mythology-260x260.jpg 260w, https:\/\/atcorfu.com\/de\/wp-content\/uploads\/sites\/3\/2025\/12\/children-of-nyx-greek-mythology.jpg 1024w\" sizes=\"(max-width: 700px) 100vw, 700px\"><h4>Die Kinder der Nyx in der griechischen Mythologie<\/h4><\/a><\/div><div class=\"scroll-carousel-item\"><a href=\"https:\/\/atcorfu.com\/de\/eosphoros-bringer-des-lichts\/\"><img decoding=\"async\" width=\"700\" height=\"700\" src=\"https:\/\/atcorfu.com\/de\/wp-content\/uploads\/sites\/3\/2025\/12\/eosphoros-bringer-of-light-700x700.jpg\" class=\"attachment-medium size-medium wp-post-image\" alt=\"Ich bin Eosphoros: Bringer des Lichts\" srcset=\"https:\/\/atcorfu.com\/de\/wp-content\/uploads\/sites\/3\/2025\/12\/eosphoros-bringer-of-light-700x700.jpg 700w, https:\/\/atcorfu.com\/de\/wp-content\/uploads\/sites\/3\/2025\/12\/eosphoros-bringer-of-light-320x320.jpg 320w, https:\/\/atcorfu.com\/de\/wp-content\/uploads\/sites\/3\/2025\/12\/eosphoros-bringer-of-light-768x768.jpg 768w, https:\/\/atcorfu.com\/de\/wp-content\/uploads\/sites\/3\/2025\/12\/eosphoros-bringer-of-light-728x728.jpg 728w, https:\/\/atcorfu.com\/de\/wp-content\/uploads\/sites\/3\/2025\/12\/eosphoros-bringer-of-light-364x364.jpg 364w, https:\/\/atcorfu.com\/de\/wp-content\/uploads\/sites\/3\/2025\/12\/eosphoros-bringer-of-light-520x520.jpg 520w, https:\/\/atcorfu.com\/de\/wp-content\/uploads\/sites\/3\/2025\/12\/eosphoros-bringer-of-light-260x260.jpg 260w, https:\/\/atcorfu.com\/de\/wp-content\/uploads\/sites\/3\/2025\/12\/eosphoros-bringer-of-light.jpg 1024w\" sizes=\"(max-width: 700px) 100vw, 700px\"><h4>Ich bin Eosphoros: Bringer des Lichts<\/h4><\/a><\/div><\/div><\/div>\n","protected":false},"excerpt":{"rendered":"<p>Die Welt der griechischen Mythologie ist voller G\u00f6tter und Halbg\u00f6tter mit unglaublichen Kr\u00e4ften und faszinierenden Geschichten. Von den m\u00e4chtigen Olympiern &hellip; <a class=\"kt-excerpt-readmore\" href=\"https:\/\/atcorfu.com\/de\/griechische-mythologie\/griechische-goetter\/\" aria-label=\"Griechische G\u00f6tter und Halbg\u00f6tter\">Weiterlesen<\/a><\/p>\n","protected":false},"author":3,"featured_media":26625,"parent":24776,"menu_order":0,"comment_status":"closed","ping_status":"closed","template":"","meta":{"kt_blocks_editor_width":"","footnotes":""},"class_list":["post-26780","page","type-page","status-publish","has-post-thumbnail","hentry"],"_links":{"self":[{"href":"https:\/\/atcorfu.com\/de\/wp-json\/wp\/v2\/pages\/26780","targetHints":{"allow":["GET"]}}],"collection":[{"href":"https:\/\/atcorfu.com\/de\/wp-json\/wp\/v2\/pages"}],"about":[{"href":"https:\/\/atcorfu.com\/de\/wp-json\/wp\/v2\/types\/page"}],"author":[{"embeddable":true,"href":"https:\/\/atcorfu.com\/de\/wp-json\/wp\/v2\/users\/3"}],"replies":[{"embeddable":true,"href":"https:\/\/atcorfu.com\/de\/wp-json\/wp\/v2\/comments?post=26780"}],"version-history":[{"count":3,"href":"https:\/\/atcorfu.com\/de\/wp-json\/wp\/v2\/pages\/26780\/revisions"}],"predecessor-version":[{"id":27030,"href":"https:\/\/atcorfu.com\/de\/wp-json\/wp\/v2\/pages\/26780\/revisions\/27030"}],"up":[{"embeddable":true,"href":"https:\/\/atcorfu.com\/de\/wp-json\/wp\/v2\/pages\/24776"}],"wp:featuredmedia":[{"embeddable":true,"href":"https:\/\/atcorfu.com\/de\/wp-json\/wp\/v2\/media\/26625"}],"wp:attachment":[{"href":"https:\/\/atcorfu.com\/de\/wp-json\/wp\/v2\/media?parent=26780"}],"curies":[{"name":"wp","href":"https:\/\/api.w.org\/{rel}","templated":true}]}}