{"id":2662,"date":"2015-03-30T13:04:35","date_gmt":"2015-03-30T09:34:35","guid":{"rendered":"https:\/\/atcorfu.com\/?page_id=2662"},"modified":"2026-04-23T21:29:35","modified_gmt":"2026-04-23T18:29:35","slug":"corfu-travel-information","status":"publish","type":"page","link":"https:\/\/atcorfu.com\/de\/korfu\/corfu-travel-information\/","title":{"rendered":"Korfu Reise Informationen"},"content":{"rendered":"<p class=\"first-par\">Korfu hat t\u00e4glich F\u00e4hreverbindungen nach Igoumenitsa alle 2 Stunden, regelm\u00e4\u00dfige Routen nach Italien und t\u00e4gliche Strecken nach der Paxos Insel und Albanien.<\/p>\n<p>Seaplanes, die nach Patras, Ioannina und den \u00fcbrigen Ionischen Inseln fliegen.<\/p>\n<p>T\u00e4gliche Busverbindungen nach Athen und Thessaloniki.<\/p>\n<p>Und nat\u00fcrlich, dichter Flugverkehr nach Athen und Thessaloniki mit den Strecken der Olympischen und \u00c4g\u00e4is Flugzeuge, auch direkte Fl\u00fcge zu den wichtigsten europ\u00e4ischen St\u00e4dten durch den internationalen Flughafen Ioannis Capodistrias.<\/p>\n<p>Notrufnummern auf der Insel und der Stadt Korfu.<br \/>\nAdressen, Telefonnummern und Informationen \u00fcber staatliche Dienstleistungen, Polizei, Feuerwehr, Flugbetreiber und F\u00e4hrenbetreiber, Telefone der meisten Banken, Informationen \u00fcber die Dienste der Ionischen Universit\u00e4t, Telefonnummern aller Museen und aller ausl\u00e4ndischen Botschaften oder Konsulate in Korfu .<\/p>\n<p>Wettervorhersage f\u00fcr Korfu und durch Auswahlvorhersage f\u00fcr irgendwo in Griechenland durch das Online-System von k24<\/p>\n<div class=\"scroll-carousel-wrapper\"><div class=\"scroll-carousel\"><div class=\"scroll-carousel-item\"><a href=\"https:\/\/atcorfu.com\/de\/across-corfu-island\/\"><img decoding=\"async\" width=\"700\" height=\"617\" src=\"https:\/\/atcorfu.com\/de\/wp-content\/uploads\/sites\/3\/2015\/04\/corfu-west-side-700x617.jpg\" class=\"attachment-medium size-medium wp-post-image\" alt=\"Korfu Westseite\" srcset=\"https:\/\/atcorfu.com\/de\/wp-content\/uploads\/sites\/3\/2015\/04\/corfu-west-side-700x617.jpg 700w, https:\/\/atcorfu.com\/de\/wp-content\/uploads\/sites\/3\/2015\/04\/corfu-west-side-768x677.jpg 768w, https:\/\/atcorfu.com\/de\/wp-content\/uploads\/sites\/3\/2015\/04\/corfu-west-side-728x642.jpg 728w, https:\/\/atcorfu.com\/de\/wp-content\/uploads\/sites\/3\/2015\/04\/corfu-west-side-364x321.jpg 364w, https:\/\/atcorfu.com\/de\/wp-content\/uploads\/sites\/3\/2015\/04\/corfu-west-side.jpg 1000w\" sizes=\"(max-width: 700px) 100vw, 700px\"><h4>Auf der Insel Korfu<\/h4><\/a><\/div><div class=\"scroll-carousel-item\"><a href=\"https:\/\/atcorfu.com\/de\/corfu-useful-phones-information\/\"><img decoding=\"async\" width=\"600\" height=\"600\" src=\"https:\/\/atcorfu.com\/de\/wp-content\/uploads\/sites\/3\/2015\/04\/info-3-600x600.jpg\" class=\"attachment-medium size-medium wp-post-image\" alt=\"\" srcset=\"https:\/\/atcorfu.com\/de\/wp-content\/uploads\/sites\/3\/2015\/04\/info-3-600x600.jpg 600w, https:\/\/atcorfu.com\/de\/wp-content\/uploads\/sites\/3\/2015\/04\/info-3-320x320.jpg 320w, https:\/\/atcorfu.com\/de\/wp-content\/uploads\/sites\/3\/2015\/04\/info-3-364x364.jpg 364w, https:\/\/atcorfu.com\/de\/wp-content\/uploads\/sites\/3\/2015\/04\/info-3-520x520.jpg 520w, https:\/\/atcorfu.com\/de\/wp-content\/uploads\/sites\/3\/2015\/04\/info-3-260x260.jpg 260w, https:\/\/atcorfu.com\/de\/wp-content\/uploads\/sites\/3\/2015\/04\/info-3.jpg 678w\" sizes=\"(max-width: 600px) 100vw, 600px\"><h4>N\u00fctzliche Adressen und Telefonnummern in Korfu<\/h4><\/a><\/div><div class=\"scroll-carousel-item\"><a href=\"https:\/\/atcorfu.com\/de\/corfu-summer-season\/\"><img decoding=\"async\" width=\"700\" height=\"394\" src=\"https:\/\/atcorfu.com\/de\/wp-content\/uploads\/sites\/3\/2015\/04\/paleokastritsa-northwest-corfu-700x394.jpg\" class=\"attachment-medium size-medium wp-post-image\" alt=\"Paleokastritsa Blick von Lakones Bergdorf\" srcset=\"https:\/\/atcorfu.com\/de\/wp-content\/uploads\/sites\/3\/2015\/04\/paleokastritsa-northwest-corfu-700x394.jpg 700w, https:\/\/atcorfu.com\/de\/wp-content\/uploads\/sites\/3\/2015\/04\/paleokastritsa-northwest-corfu-768x432.jpg 768w, https:\/\/atcorfu.com\/de\/wp-content\/uploads\/sites\/3\/2015\/04\/paleokastritsa-northwest-corfu-728x410.jpg 728w, https:\/\/atcorfu.com\/de\/wp-content\/uploads\/sites\/3\/2015\/04\/paleokastritsa-northwest-corfu-364x205.jpg 364w, https:\/\/atcorfu.com\/de\/wp-content\/uploads\/sites\/3\/2015\/04\/paleokastritsa-northwest-corfu.jpg 1000w\" sizes=\"(max-width: 700px) 100vw, 700px\"><h4>Korfus Sommersaison<\/h4><\/a><\/div><div class=\"scroll-carousel-item\"><a href=\"https:\/\/atcorfu.com\/de\/wetter-in-korfu\/\"><img decoding=\"async\" width=\"600\" height=\"600\" src=\"https:\/\/atcorfu.com\/de\/wp-content\/uploads\/sites\/3\/2015\/04\/weather-1-600x600.jpg\" class=\"attachment-medium size-medium wp-post-image\" alt=\"\" srcset=\"https:\/\/atcorfu.com\/de\/wp-content\/uploads\/sites\/3\/2015\/04\/weather-1.jpg 600w, https:\/\/atcorfu.com\/de\/wp-content\/uploads\/sites\/3\/2015\/04\/weather-1-320x320.jpg 320w, https:\/\/atcorfu.com\/de\/wp-content\/uploads\/sites\/3\/2015\/04\/weather-1-364x364.jpg 364w, https:\/\/atcorfu.com\/de\/wp-content\/uploads\/sites\/3\/2015\/04\/weather-1-520x520.jpg 520w, https:\/\/atcorfu.com\/de\/wp-content\/uploads\/sites\/3\/2015\/04\/weather-1-260x260.jpg 260w\" sizes=\"(max-width: 600px) 100vw, 600px\"><h4>Korfu Wettervorhersage f\u00fcr 7 Tage<\/h4><\/a><\/div><div class=\"scroll-carousel-item\"><a href=\"https:\/\/atcorfu.com\/de\/korfu-igoumenitsa-faehreverbindungen\/\"><img decoding=\"async\" width=\"600\" height=\"600\" src=\"https:\/\/atcorfu.com\/de\/wp-content\/uploads\/sites\/3\/2015\/04\/airplane-600x600.jpg\" class=\"attachment-medium size-medium wp-post-image\" alt=\"\" srcset=\"https:\/\/atcorfu.com\/de\/wp-content\/uploads\/sites\/3\/2015\/04\/airplane-600x600.jpg 600w, https:\/\/atcorfu.com\/de\/wp-content\/uploads\/sites\/3\/2015\/04\/airplane-320x320.jpg 320w, https:\/\/atcorfu.com\/de\/wp-content\/uploads\/sites\/3\/2015\/04\/airplane-364x364.jpg 364w, https:\/\/atcorfu.com\/de\/wp-content\/uploads\/sites\/3\/2015\/04\/airplane-520x520.jpg 520w, https:\/\/atcorfu.com\/de\/wp-content\/uploads\/sites\/3\/2015\/04\/airplane-260x260.jpg 260w, https:\/\/atcorfu.com\/de\/wp-content\/uploads\/sites\/3\/2015\/04\/airplane.jpg 626w\" sizes=\"(max-width: 600px) 100vw, 600px\"><h4>Korfu-Igoumenitsa F\u00e4hreverbindungen, Gr\u00fcn Bus<\/h4><\/a><\/div><div class=\"scroll-carousel-item\"><a href=\"https:\/\/atcorfu.com\/de\/corfu-international-airport\/\"><img decoding=\"async\" width=\"700\" height=\"479\" src=\"https:\/\/atcorfu.com\/de\/wp-content\/uploads\/sites\/3\/2015\/04\/corfu-airport-and-mouse-island-700x479.jpg\" class=\"attachment-medium size-medium wp-post-image\" alt=\"Korfu Flughafen und Maus Insel aus dem Flugzeug\" srcset=\"https:\/\/atcorfu.com\/de\/wp-content\/uploads\/sites\/3\/2015\/04\/corfu-airport-and-mouse-island-700x479.jpg 700w, https:\/\/atcorfu.com\/de\/wp-content\/uploads\/sites\/3\/2015\/04\/corfu-airport-and-mouse-island-768x526.jpg 768w, https:\/\/atcorfu.com\/de\/wp-content\/uploads\/sites\/3\/2015\/04\/corfu-airport-and-mouse-island-1024x701.jpg 1024w, https:\/\/atcorfu.com\/de\/wp-content\/uploads\/sites\/3\/2015\/04\/corfu-airport-and-mouse-island-728x498.jpg 728w, https:\/\/atcorfu.com\/de\/wp-content\/uploads\/sites\/3\/2015\/04\/corfu-airport-and-mouse-island-364x249.jpg 364w, https:\/\/atcorfu.com\/de\/wp-content\/uploads\/sites\/3\/2015\/04\/corfu-airport-and-mouse-island-520x356.jpg 520w, https:\/\/atcorfu.com\/de\/wp-content\/uploads\/sites\/3\/2015\/04\/corfu-airport-and-mouse-island-260x178.jpg 260w, https:\/\/atcorfu.com\/de\/wp-content\/uploads\/sites\/3\/2015\/04\/corfu-airport-and-mouse-island.jpg 1095w\" sizes=\"(max-width: 700px) 100vw, 700px\"><h4>Korfu Internationaler Flughafen<\/h4><\/a><\/div><div class=\"scroll-carousel-item\"><a href=\"https:\/\/atcorfu.com\/de\/korfu-blaue-buslinien\/\"><img decoding=\"async\" width=\"700\" height=\"501\" src=\"https:\/\/atcorfu.com\/de\/wp-content\/uploads\/sites\/3\/2019\/08\/astiko-ktel-kerkyras-700x501.jpg\" class=\"attachment-medium size-medium wp-post-image\" alt=\"Der Corfu Blue Busbahnhof in Saroko\" srcset=\"https:\/\/atcorfu.com\/de\/wp-content\/uploads\/sites\/3\/2019\/08\/astiko-ktel-kerkyras-700x501.jpg 700w, https:\/\/atcorfu.com\/de\/wp-content\/uploads\/sites\/3\/2019\/08\/astiko-ktel-kerkyras-768x549.jpg 768w, https:\/\/atcorfu.com\/de\/wp-content\/uploads\/sites\/3\/2019\/08\/astiko-ktel-kerkyras-728x520.jpg 728w, https:\/\/atcorfu.com\/de\/wp-content\/uploads\/sites\/3\/2019\/08\/astiko-ktel-kerkyras-364x260.jpg 364w, https:\/\/atcorfu.com\/de\/wp-content\/uploads\/sites\/3\/2019\/08\/astiko-ktel-kerkyras-520x372.jpg 520w, https:\/\/atcorfu.com\/de\/wp-content\/uploads\/sites\/3\/2019\/08\/astiko-ktel-kerkyras-260x186.jpg 260w, https:\/\/atcorfu.com\/de\/wp-content\/uploads\/sites\/3\/2019\/08\/astiko-ktel-kerkyras.jpg 800w\" sizes=\"(max-width: 700px) 100vw, 700px\"><h4>Korfu Blaue Buslinien 2025<\/h4><\/a><\/div><div class=\"scroll-carousel-item\"><a href=\"https:\/\/atcorfu.com\/de\/10-grossartige-filme-die-auf-der-insel-korfu-gedreht-wurden\/\"><img decoding=\"async\" width=\"496\" height=\"700\" src=\"https:\/\/atcorfu.com\/de\/wp-content\/uploads\/sites\/3\/2024\/06\/The-Greek-Tycoon-1978-496x700.jpg\" class=\"attachment-medium size-medium wp-post-image\" alt=\"Der Griechische Tycoon\" srcset=\"https:\/\/atcorfu.com\/de\/wp-content\/uploads\/sites\/3\/2024\/06\/The-Greek-Tycoon-1978-496x700.jpg 496w, https:\/\/atcorfu.com\/de\/wp-content\/uploads\/sites\/3\/2024\/06\/The-Greek-Tycoon-1978-700x988.jpg 700w, https:\/\/atcorfu.com\/de\/wp-content\/uploads\/sites\/3\/2024\/06\/The-Greek-Tycoon-1978-768x1084.jpg 768w, https:\/\/atcorfu.com\/de\/wp-content\/uploads\/sites\/3\/2024\/06\/The-Greek-Tycoon-1978-808x1140.jpg 808w, https:\/\/atcorfu.com\/de\/wp-content\/uploads\/sites\/3\/2024\/06\/The-Greek-Tycoon-1978-1088x1536.jpg 1088w, https:\/\/atcorfu.com\/de\/wp-content\/uploads\/sites\/3\/2024\/06\/The-Greek-Tycoon-1978-728x1028.jpg 728w, https:\/\/atcorfu.com\/de\/wp-content\/uploads\/sites\/3\/2024\/06\/The-Greek-Tycoon-1978-364x514.jpg 364w, https:\/\/atcorfu.com\/de\/wp-content\/uploads\/sites\/3\/2024\/06\/The-Greek-Tycoon-1978-520x734.jpg 520w, https:\/\/atcorfu.com\/de\/wp-content\/uploads\/sites\/3\/2024\/06\/The-Greek-Tycoon-1978-260x367.jpg 260w, https:\/\/atcorfu.com\/de\/wp-content\/uploads\/sites\/3\/2024\/06\/The-Greek-Tycoon-1978.jpg 1140w\" sizes=\"(max-width: 496px) 100vw, 496px\"><h4>10 gro\u00dfartige Filme, die auf der Insel Korfu gedreht wurden<\/h4><\/a><\/div><div class=\"scroll-carousel-item\"><a href=\"https:\/\/atcorfu.com\/de\/feiertage-in-griechenland-und-korfu\/\"><img decoding=\"async\" width=\"600\" height=\"450\" src=\"https:\/\/atcorfu.com\/de\/wp-content\/uploads\/sites\/3\/2015\/04\/corfu-mouse-island-600x450.jpg\" class=\"attachment-medium size-medium wp-post-image\" alt=\"Korfu Sehensw\u00fcrdigkeiten - Maus Insel\" srcset=\"https:\/\/atcorfu.com\/de\/wp-content\/uploads\/sites\/3\/2015\/04\/corfu-mouse-island-600x450.jpg 600w, https:\/\/atcorfu.com\/de\/wp-content\/uploads\/sites\/3\/2015\/04\/corfu-mouse-island-364x273.jpg 364w, https:\/\/atcorfu.com\/de\/wp-content\/uploads\/sites\/3\/2015\/04\/corfu-mouse-island-520x390.jpg 520w, https:\/\/atcorfu.com\/de\/wp-content\/uploads\/sites\/3\/2015\/04\/corfu-mouse-island-260x195.jpg 260w, https:\/\/atcorfu.com\/de\/wp-content\/uploads\/sites\/3\/2015\/04\/corfu-mouse-island.jpg 640w\" sizes=\"(max-width: 600px) 100vw, 600px\"><h4>Feiertage in Griechenland und Korfu<\/h4><\/a><\/div><div class=\"scroll-carousel-item\"><a href=\"https:\/\/atcorfu.com\/de\/nachtleben-in-korfu\/\"><img decoding=\"async\" width=\"467\" height=\"700\" src=\"https:\/\/atcorfu.com\/de\/wp-content\/uploads\/sites\/3\/2015\/03\/kavos-ti-nyxta-13-467x700.jpg\" class=\"attachment-medium size-medium wp-post-image\" alt=\"Korfu Fotos - Kavos bei Nacht\" srcset=\"https:\/\/atcorfu.com\/de\/wp-content\/uploads\/sites\/3\/2015\/03\/kavos-ti-nyxta-13-467x700.jpg 467w, https:\/\/atcorfu.com\/de\/wp-content\/uploads\/sites\/3\/2015\/03\/kavos-ti-nyxta-13-364x546.jpg 364w, https:\/\/atcorfu.com\/de\/wp-content\/uploads\/sites\/3\/2015\/03\/kavos-ti-nyxta-13-366x549.jpg 366w, https:\/\/atcorfu.com\/de\/wp-content\/uploads\/sites\/3\/2015\/03\/kavos-ti-nyxta-13-260x390.jpg 260w, https:\/\/atcorfu.com\/de\/wp-content\/uploads\/sites\/3\/2015\/03\/kavos-ti-nyxta-13.jpg 500w\" sizes=\"(max-width: 467px) 100vw, 467px\"><h4>Nachtleben in Korfu<\/h4><\/a><\/div><div class=\"scroll-carousel-item\"><a href=\"https:\/\/atcorfu.com\/de\/notable-foreign-residents\/\"><img decoding=\"async\" width=\"700\" height=\"488\" src=\"https:\/\/atcorfu.com\/de\/wp-content\/uploads\/sites\/3\/2015\/04\/Gerald-Durrell-700x488.jpg\" class=\"attachment-medium size-medium wp-post-image\" alt=\"Gerald-Durrell\" srcset=\"https:\/\/atcorfu.com\/de\/wp-content\/uploads\/sites\/3\/2015\/04\/Gerald-Durrell-700x488.jpg 700w, https:\/\/atcorfu.com\/de\/wp-content\/uploads\/sites\/3\/2015\/04\/Gerald-Durrell-768x536.jpg 768w, https:\/\/atcorfu.com\/de\/wp-content\/uploads\/sites\/3\/2015\/04\/Gerald-Durrell-728x508.jpg 728w, https:\/\/atcorfu.com\/de\/wp-content\/uploads\/sites\/3\/2015\/04\/Gerald-Durrell-364x254.jpg 364w, https:\/\/atcorfu.com\/de\/wp-content\/uploads\/sites\/3\/2015\/04\/Gerald-Durrell.jpg 800w\" sizes=\"(max-width: 700px) 100vw, 700px\"><h4>Korfus Bemerkenswerte Ausl\u00e4ndische Einwohner<\/h4><\/a><\/div><div class=\"scroll-carousel-item\"><a href=\"https:\/\/atcorfu.com\/de\/how-to-get-to-corfu\/\"><img decoding=\"async\" width=\"700\" height=\"328\" src=\"https:\/\/atcorfu.com\/de\/wp-content\/uploads\/sites\/3\/2015\/03\/corfu-airport-2-700x328.jpg\" class=\"attachment-medium size-medium wp-post-image\" alt=\"Flughafen Korfu\" srcset=\"https:\/\/atcorfu.com\/de\/wp-content\/uploads\/sites\/3\/2015\/03\/corfu-airport-2-700x328.jpg 700w, https:\/\/atcorfu.com\/de\/wp-content\/uploads\/sites\/3\/2015\/03\/corfu-airport-2-768x360.jpg 768w, https:\/\/atcorfu.com\/de\/wp-content\/uploads\/sites\/3\/2015\/03\/corfu-airport-2-1140x534.jpg 1140w, https:\/\/atcorfu.com\/de\/wp-content\/uploads\/sites\/3\/2015\/03\/corfu-airport-2-1536x720.jpg 1536w, https:\/\/atcorfu.com\/de\/wp-content\/uploads\/sites\/3\/2015\/03\/corfu-airport-2-728x342.jpg 728w, https:\/\/atcorfu.com\/de\/wp-content\/uploads\/sites\/3\/2015\/03\/corfu-airport-2-364x171.jpg 364w, https:\/\/atcorfu.com\/de\/wp-content\/uploads\/sites\/3\/2015\/03\/corfu-airport-2-520x244.jpg 520w, https:\/\/atcorfu.com\/de\/wp-content\/uploads\/sites\/3\/2015\/03\/corfu-airport-2-260x122.jpg 260w, https:\/\/atcorfu.com\/de\/wp-content\/uploads\/sites\/3\/2015\/03\/corfu-airport-2.jpg 1920w\" sizes=\"(max-width: 700px) 100vw, 700px\"><h4>Wie komme Ich Nach Korfu?<\/h4><\/a><\/div><div class=\"scroll-carousel-item\"><a href=\"https:\/\/atcorfu.com\/de\/die-durrells-auf-korfu\/\"><img decoding=\"async\" width=\"700\" height=\"399\" src=\"https:\/\/atcorfu.com\/de\/wp-content\/uploads\/sites\/3\/2019\/01\/the-durrells-in-corfu-tv-series-700x399.jpg\" class=\"attachment-medium size-medium wp-post-image\" alt=\"Die Durrells in Korfu - Fernsehserie\" srcset=\"https:\/\/atcorfu.com\/de\/wp-content\/uploads\/sites\/3\/2019\/01\/the-durrells-in-corfu-tv-series-700x399.jpg 700w, https:\/\/atcorfu.com\/de\/wp-content\/uploads\/sites\/3\/2019\/01\/the-durrells-in-corfu-tv-series-768x438.jpg 768w, https:\/\/atcorfu.com\/de\/wp-content\/uploads\/sites\/3\/2019\/01\/the-durrells-in-corfu-tv-series-728x414.jpg 728w, https:\/\/atcorfu.com\/de\/wp-content\/uploads\/sites\/3\/2019\/01\/the-durrells-in-corfu-tv-series-364x207.jpg 364w, https:\/\/atcorfu.com\/de\/wp-content\/uploads\/sites\/3\/2019\/01\/the-durrells-in-corfu-tv-series-702x400.jpg 702w, https:\/\/atcorfu.com\/de\/wp-content\/uploads\/sites\/3\/2019\/01\/the-durrells-in-corfu-tv-series-520x296.jpg 520w, https:\/\/atcorfu.com\/de\/wp-content\/uploads\/sites\/3\/2019\/01\/the-durrells-in-corfu-tv-series-260x148.jpg 260w, https:\/\/atcorfu.com\/de\/wp-content\/uploads\/sites\/3\/2019\/01\/the-durrells-in-corfu-tv-series.jpg 1000w\" sizes=\"(max-width: 700px) 100vw, 700px\"><h4>Die Durrells auf Korfu &#8211; Die Wahre Geschichte<\/h4><\/a><\/div><div class=\"scroll-carousel-item\"><a href=\"https:\/\/atcorfu.com\/de\/distances-from-corfu-town-to-the-villages\/\"><img decoding=\"async\" width=\"700\" height=\"611\" src=\"https:\/\/atcorfu.com\/de\/wp-content\/uploads\/sites\/3\/2016\/08\/corfu-map-with-distances-from-villages-scaled-700x611.jpg\" class=\"attachment-medium size-medium wp-post-image\" alt=\"Karte mit Entfernungen in Korfu\" srcset=\"https:\/\/atcorfu.com\/de\/wp-content\/uploads\/sites\/3\/2016\/08\/corfu-map-with-distances-from-villages-scaled-700x611.jpg 700w, https:\/\/atcorfu.com\/de\/wp-content\/uploads\/sites\/3\/2016\/08\/corfu-map-with-distances-from-villages-scaled-768x670.jpg 768w, https:\/\/atcorfu.com\/de\/wp-content\/uploads\/sites\/3\/2016\/08\/corfu-map-with-distances-from-villages-scaled-1140x995.jpg 1140w, https:\/\/atcorfu.com\/de\/wp-content\/uploads\/sites\/3\/2016\/08\/corfu-map-with-distances-from-villages-scaled-1536x1340.jpg 1536w, https:\/\/atcorfu.com\/de\/wp-content\/uploads\/sites\/3\/2016\/08\/corfu-map-with-distances-from-villages-scaled-2048x1787.jpg 2048w, https:\/\/atcorfu.com\/de\/wp-content\/uploads\/sites\/3\/2016\/08\/corfu-map-with-distances-from-villages-scaled-728x636.jpg 728w, https:\/\/atcorfu.com\/de\/wp-content\/uploads\/sites\/3\/2016\/08\/corfu-map-with-distances-from-villages-scaled-364x318.jpg 364w, https:\/\/atcorfu.com\/de\/wp-content\/uploads\/sites\/3\/2016\/08\/corfu-map-with-distances-from-villages-scaled-520x454.jpg 520w, https:\/\/atcorfu.com\/de\/wp-content\/uploads\/sites\/3\/2016\/08\/corfu-map-with-distances-from-villages-scaled-260x227.jpg 260w\" sizes=\"(max-width: 700px) 100vw, 700px\"><h4>Entfernungen von Korfu Stadt zu den D\u00f6rfern<\/h4><\/a><\/div><\/div><\/div>\n","protected":false},"excerpt":{"rendered":"<p>Korfu hat t\u00e4glich F\u00e4hreverbindungen nach Igoumenitsa alle 2 Stunden, regelm\u00e4\u00dfige Routen nach Italien und t\u00e4gliche Strecken nach der Paxos Insel &hellip; <a class=\"kt-excerpt-readmore\" href=\"https:\/\/atcorfu.com\/de\/distances-from-corfu-town-to-the-villages\/\" aria-label=\"Entfernungen von Korfu Stadt zu den D\u00f6rfern\">Weiterlesen<\/a><\/p>\n","protected":false},"author":3,"featured_media":10198,"parent":3873,"menu_order":0,"comment_status":"closed","ping_status":"closed","template":"","meta":{"kt_blocks_editor_width":"","footnotes":""},"class_list":["post-2662","page","type-page","status-publish","has-post-thumbnail","hentry"],"_links":{"self":[{"href":"https:\/\/atcorfu.com\/de\/wp-json\/wp\/v2\/pages\/2662","targetHints":{"allow":["GET"]}}],"collection":[{"href":"https:\/\/atcorfu.com\/de\/wp-json\/wp\/v2\/pages"}],"about":[{"href":"https:\/\/atcorfu.com\/de\/wp-json\/wp\/v2\/types\/page"}],"author":[{"embeddable":true,"href":"https:\/\/atcorfu.com\/de\/wp-json\/wp\/v2\/users\/3"}],"replies":[{"embeddable":true,"href":"https:\/\/atcorfu.com\/de\/wp-json\/wp\/v2\/comments?post=2662"}],"version-history":[{"count":10,"href":"https:\/\/atcorfu.com\/de\/wp-json\/wp\/v2\/pages\/2662\/revisions"}],"predecessor-version":[{"id":26589,"href":"https:\/\/atcorfu.com\/de\/wp-json\/wp\/v2\/pages\/2662\/revisions\/26589"}],"up":[{"embeddable":true,"href":"https:\/\/atcorfu.com\/de\/wp-json\/wp\/v2\/pages\/3873"}],"wp:featuredmedia":[{"embeddable":true,"href":"https:\/\/atcorfu.com\/de\/wp-json\/wp\/v2\/media\/10198"}],"wp:attachment":[{"href":"https:\/\/atcorfu.com\/de\/wp-json\/wp\/v2\/media?parent=2662"}],"curies":[{"name":"wp","href":"https:\/\/api.w.org\/{rel}","templated":true}]}}