{"id":26506,"date":"2025-09-12T16:35:39","date_gmt":"2025-09-12T18:35:39","guid":{"rendered":"https:\/\/atcorfu.com\/de\/?page_id=26506"},"modified":"2025-09-12T16:35:39","modified_gmt":"2025-09-12T18:35:39","slug":"karten-der-gebiete-von-korfu","status":"publish","type":"page","link":"https:\/\/atcorfu.com\/de\/karten-der-gebiete-von-korfu\/","title":{"rendered":"Karten der Gebiete von Korfu"},"content":{"rendered":"<p>Von mir erstellte Karten, die verschiedene Gebiete, St\u00e4dte und D\u00f6rfer auf der Insel Korfu darstellen und urspr\u00fcnglich als Teil informativer Reiseinhalte auf dieser Website ver\u00f6ffentlicht wurden.<\/p>\n","protected":false},"excerpt":{"rendered":"<p>Von mir erstellte Karten, die verschiedene Gebiete, St\u00e4dte und D\u00f6rfer auf der Insel Korfu darstellen und urspr\u00fcnglich als Teil informativer &hellip; <a class=\"kt-excerpt-readmore\" href=\"https:\/\/atcorfu.com\/de\/karten-der-gebiete-von-korfu\/\" aria-label=\"Karten der Gebiete von Korfu\">Weiterlesen<\/a><\/p>\n","protected":false},"author":3,"featured_media":1711,"parent":0,"menu_order":0,"comment_status":"closed","ping_status":"closed","template":"page-blog-grid.php","meta":{"kt_blocks_editor_width":"","footnotes":""},"class_list":["post-26506","page","type-page","status-publish","has-post-thumbnail","hentry"],"_links":{"self":[{"href":"https:\/\/atcorfu.com\/de\/wp-json\/wp\/v2\/pages\/26506","targetHints":{"allow":["GET"]}}],"collection":[{"href":"https:\/\/atcorfu.com\/de\/wp-json\/wp\/v2\/pages"}],"about":[{"href":"https:\/\/atcorfu.com\/de\/wp-json\/wp\/v2\/types\/page"}],"author":[{"embeddable":true,"href":"https:\/\/atcorfu.com\/de\/wp-json\/wp\/v2\/users\/3"}],"replies":[{"embeddable":true,"href":"https:\/\/atcorfu.com\/de\/wp-json\/wp\/v2\/comments?post=26506"}],"version-history":[{"count":1,"href":"https:\/\/atcorfu.com\/de\/wp-json\/wp\/v2\/pages\/26506\/revisions"}],"predecessor-version":[{"id":26507,"href":"https:\/\/atcorfu.com\/de\/wp-json\/wp\/v2\/pages\/26506\/revisions\/26507"}],"wp:featuredmedia":[{"embeddable":true,"href":"https:\/\/atcorfu.com\/de\/wp-json\/wp\/v2\/media\/1711"}],"wp:attachment":[{"href":"https:\/\/atcorfu.com\/de\/wp-json\/wp\/v2\/media?parent=26506"}],"curies":[{"name":"wp","href":"https:\/\/api.w.org\/{rel}","templated":true}]}}