{"id":23632,"date":"2021-10-31T18:57:22","date_gmt":"2021-10-31T20:57:22","guid":{"rendered":"https:\/\/atcorfu.com\/de\/?page_id=23632"},"modified":"2025-11-25T18:00:45","modified_gmt":"2025-11-25T16:00:45","slug":"accommodation","status":"publish","type":"page","link":"https:\/\/atcorfu.com\/de\/accommodation\/","title":{"rendered":"Unterkunft in Korfu"},"content":{"rendered":"<h2>Korfu Unterkunftsf\u00fchrer: Die besten Optionen f\u00fcr jeden Reisenden<\/h2>\n<p><strong>Boutique-Hotels mit Charme:<\/strong> Wer auf Korfu ein besonders pers\u00f6nliches Erlebnis sucht, sollte die Boutique-Hotels der Insel entdecken. Diese kleinen, stilvollen H\u00e4user verbinden modernen Komfort mit traditioneller Atmosph\u00e4re und bieten viel Liebe zum Detail.<\/p>\n<p><strong>Traumhafte Strandunterk\u00fcnfte:<\/strong> Die K\u00fcste Korfus lockt mit luxuri\u00f6sen Resorts direkt am Meer. Morgens vom Wellenrauschen geweckt zu werden, den Sand unter den F\u00fc\u00dfen zu sp\u00fcren und den Blick aufs Ionische Meer zu genie\u00dfen \u2013 hier wird Strandurlaub zum puren Vergn\u00fcgen. Pools, Spas und hervorragende Restaurants runden das Angebot ab.<\/p>\n<p><strong>Familienfreundliche Hotels:<\/strong> Familien mit Kindern finden auf Korfu passende Unterk\u00fcnfte mit ger\u00e4umigen Familienzimmern, kindgerechten Aktivit\u00e4ten und Einrichtungen wie Spielpl\u00e4tzen oder Kids-Clubs. So wird der Urlaub entspannt und stressfrei f\u00fcr Gro\u00df und Klein.<\/p>\n<p><strong>Ferienwohnungen &amp; Villen f\u00fcr Selbstversorger:<\/strong> Wer Unabh\u00e4ngigkeit liebt, ist in den vielen Apartments und Villen der Insel genau richtig. Voll ausgestattete K\u00fcchen erm\u00f6glichen es, lokale Spezialit\u00e4ten selbst zuzubereiten oder entspannt das Fr\u00fchst\u00fcck auf der eigenen Terrasse zu genie\u00dfen.<\/p>\n<p><strong>Preiswerte Unterk\u00fcnfte:<\/strong> Auch Reisende mit kleinerem Budget kommen auf Korfu nicht zu kurz. Kleine Hotels und G\u00e4steh\u00e4user bieten Komfort zu fairen Preisen \u2013 ideal gelegen in der N\u00e4he der wichtigsten Sehensw\u00fcrdigkeiten.<\/p>\n<p><strong>Privatsph\u00e4re in Ferienh\u00e4usern:<\/strong> F\u00fcr Paare, Familien oder Freundesgruppen bieten Ferienwohnungen und Villen die perfekte Mischung aus Komfort und Unabh\u00e4ngigkeit. Hier k\u00f6nnen Sie Ihren Aufenthalt ganz nach eigenen Vorstellungen gestalten.<\/p>\n<p><strong>Zentrale Unterk\u00fcnfte in Korfu-Stadt:<\/strong> Wer das lebendige Stadtleben liebt, findet in Korfu-Stadt zahlreiche Optionen. Historisches Flair trifft hier auf moderne Annehmlichkeiten \u2013 mit kurzen Wegen zu Kultur, M\u00e4rkten, Restaurants und Caf\u00e9s.<\/p>\n<p>Buchen Sie fr\u00fchzeitig, besonders in der Hochsaison, um Ihre Wunschunterkunft zu sichern. Egal, ob Sie Luxus, Komfort oder authentisches Inselgef\u00fchl suchen \u2013 Korfu bietet f\u00fcr jeden Reisenden die passende Unterkunft und unvergessliche Erlebnisse.<\/p>\n<a href=\"https:\/\/atcorfu.com\/de\/accommodation\/die-besten-korfu-hotels\/\" id=\"kadbtn85\" target=\"_self\" class=\"kad-btn btn-shortcode kad-btn-primary  \" style=\" border: 0 solid; border-color:#000;  color:#ffffff;\" onMouseOver=\"this.style.color=&#039;#ffffff&#039;\" onMouseOut=\"this.style.color=&#039;#ffffff&#039;\">Korfu besten hotels <\/a>\n","protected":false},"excerpt":{"rendered":"<p>Korfu Unterkunftsf\u00fchrer: Die besten Optionen f\u00fcr jeden Reisenden Boutique-Hotels mit Charme: Wer auf Korfu ein besonders pers\u00f6nliches Erlebnis sucht, sollte &hellip; <a class=\"kt-excerpt-readmore\" href=\"https:\/\/atcorfu.com\/de\/accommodation\/\" aria-label=\"Unterkunft in Korfu\">Weiterlesen<\/a><\/p>\n","protected":false},"author":3,"featured_media":22161,"parent":0,"menu_order":0,"comment_status":"closed","ping_status":"closed","template":"","meta":{"kt_blocks_editor_width":"","footnotes":""},"class_list":["post-23632","page","type-page","status-publish","has-post-thumbnail","hentry"],"_links":{"self":[{"href":"https:\/\/atcorfu.com\/de\/wp-json\/wp\/v2\/pages\/23632","targetHints":{"allow":["GET"]}}],"collection":[{"href":"https:\/\/atcorfu.com\/de\/wp-json\/wp\/v2\/pages"}],"about":[{"href":"https:\/\/atcorfu.com\/de\/wp-json\/wp\/v2\/types\/page"}],"author":[{"embeddable":true,"href":"https:\/\/atcorfu.com\/de\/wp-json\/wp\/v2\/users\/3"}],"replies":[{"embeddable":true,"href":"https:\/\/atcorfu.com\/de\/wp-json\/wp\/v2\/comments?post=23632"}],"version-history":[{"count":8,"href":"https:\/\/atcorfu.com\/de\/wp-json\/wp\/v2\/pages\/23632\/revisions"}],"predecessor-version":[{"id":26715,"href":"https:\/\/atcorfu.com\/de\/wp-json\/wp\/v2\/pages\/23632\/revisions\/26715"}],"wp:featuredmedia":[{"embeddable":true,"href":"https:\/\/atcorfu.com\/de\/wp-json\/wp\/v2\/media\/22161"}],"wp:attachment":[{"href":"https:\/\/atcorfu.com\/de\/wp-json\/wp\/v2\/media?parent=23632"}],"curies":[{"name":"wp","href":"https:\/\/api.w.org\/{rel}","templated":true}]}}