{"id":212,"date":"2013-07-29T19:56:35","date_gmt":"2013-07-29T19:56:35","guid":{"rendered":"http:\/\/virtuemock.kadencethemes.com\/?page_id=212"},"modified":"2025-10-22T23:51:52","modified_gmt":"2025-10-22T20:51:52","slug":"about","status":"publish","type":"page","link":"https:\/\/atcorfu.com\/de\/about\/","title":{"rendered":"\u00dcber Uns"},"content":{"rendered":"<h2>AtCorfu Reisef\u00fchrer<\/h2>\n<div class=\"row\"> <div class=\"col-md-6  \">\n<p><a href=\"https:\/\/atcorfu.com\/wp-content\/uploads\/2025\/10\/sea-sun.jpg\"><img decoding=\"async\" style=\"border-radius:50%\" class=\"aligncenter size-medium wp-image-50656\" src=\"https:\/\/atcorfu.com\/wp-content\/uploads\/2025\/10\/sea-sun-700x700.jpg\" alt=\"Sea and sky\" width=\"500\" height=\"500\" \/><\/a><\/p>\n<\/div><div class=\"col-md-6  \">\n<p>Hallo, ich bin Teo, Elektronikingenieur mit einer Leidenschaft f\u00fcr Korfu und die griechische Kultur. Ich habe AtCorfu als pers\u00f6nliches Projekt und Hobby gegr\u00fcndet \u2013 aus Neugier und Begeisterung \u2013, um die Sch\u00f6nheit, Kultur, Geschichte und verborgenen Sch\u00e4tze der Insel zu teilen.<\/p>\n<p>Alle Inhalte werden pers\u00f6nlich recherchiert und gepflegt. Obwohl ich lokale Sehensw\u00fcrdigkeiten, Reisetipps und kulturelle Themen hervorhebe, liegt der Schwerpunkt darauf, Besuchern ein ehrliches und genaues Bild von Korfu und seinem Erbe zu vermitteln.<\/p>\n<p>Es werden keine Kreditkartendaten oder pers\u00f6nlichen Informationen abgefragt \u2013 alles hier ist frei zug\u00e4nglich. Ich hoffe, dieser Reisef\u00fchrer hilft Ihnen, die Wunder von Korfu und Griechenland zu entdecken und zu genie\u00dfen.<\/p>\n<p>Kontakt:<br \/>\n<a href=\"mailto:teo@atcorfu.com\">teo@atcorfu.com<br \/>\n<\/a><\/p>\n<\/div><\/div>\n","protected":false},"excerpt":{"rendered":"<p>AtCorfu Reisef\u00fchrer<\/p>\n","protected":false},"author":3,"featured_media":0,"parent":0,"menu_order":0,"comment_status":"closed","ping_status":"closed","template":"page-feature.php","meta":{"kt_blocks_editor_width":"","footnotes":""},"class_list":["post-212","page","type-page","status-publish","hentry"],"_links":{"self":[{"href":"https:\/\/atcorfu.com\/de\/wp-json\/wp\/v2\/pages\/212","targetHints":{"allow":["GET"]}}],"collection":[{"href":"https:\/\/atcorfu.com\/de\/wp-json\/wp\/v2\/pages"}],"about":[{"href":"https:\/\/atcorfu.com\/de\/wp-json\/wp\/v2\/types\/page"}],"author":[{"embeddable":true,"href":"https:\/\/atcorfu.com\/de\/wp-json\/wp\/v2\/users\/3"}],"replies":[{"embeddable":true,"href":"https:\/\/atcorfu.com\/de\/wp-json\/wp\/v2\/comments?post=212"}],"version-history":[{"count":4,"href":"https:\/\/atcorfu.com\/de\/wp-json\/wp\/v2\/pages\/212\/revisions"}],"predecessor-version":[{"id":26766,"href":"https:\/\/atcorfu.com\/de\/wp-json\/wp\/v2\/pages\/212\/revisions\/26766"}],"wp:attachment":[{"href":"https:\/\/atcorfu.com\/de\/wp-json\/wp\/v2\/media?parent=212"}],"curies":[{"name":"wp","href":"https:\/\/api.w.org\/{rel}","templated":true}]}}