{"id":15100,"date":"2017-08-04T11:15:29","date_gmt":"2017-08-04T11:15:29","guid":{"rendered":"https:\/\/atcorfu.com\/?page_id=15100"},"modified":"2025-11-25T17:53:16","modified_gmt":"2025-11-25T15:53:16","slug":"corfu-car-rental","status":"publish","type":"page","link":"https:\/\/atcorfu.com\/de\/corfu-car-rental\/","title":{"rendered":"Autovermietung in Korfu: Best Companies zu Besten Preisen"},"content":{"rendered":"<p><strong>Entdecke Korfu frei und nach deinem eigenen Zeitplan.<\/strong> Ob du ein kompaktes Auto, einen 4&#215;4 oder einen Motorroller bevorzugst, um durch die K\u00fcstend\u00f6rfer zu fahren \u2013 lokale Unternehmen wie <strong>Alpha Car Rental<\/strong>, <strong>Fair Deal Car Rentals<\/strong> und <strong>Kerkyra Bikes<\/strong> bieten zuverl\u00e4ssige und preiswerte Optionen auf der ganzen Insel.<\/p>\n<hr \/>\n<h3>Alpha Car Rental \u2013 Benitses Korfu<\/h3>\n<p><strong>Alpha Car Rental<\/strong> ist seit den 1970er Jahren t\u00e4tig und eines der erfahrensten lokalen Mietwagenunternehmen der Insel, mit Filialen in Benitses und zwei weiteren Standorten. <strong>Fahrzeugflotte:<\/strong> Fiat Panda 1.1 &amp; 1.2, Hyundai i20, Opel Corsa Grand, Fiat Punto, Opel Automatic, Fiat Tipo und Suzuki Jimny 4\u00d74 Cabrio. <strong>Warum Alpha w\u00e4hlen:<\/strong><\/p>\n<ul>\n<li>\u00dcber 30 Jahre Erfahrung ohne versteckte Kosten<\/li>\n<li>Unbegrenzte Kilometer &amp; kostenlose Lieferung\/Abholung<\/li>\n<li>Kostenlose Haftpflichtversicherung<\/li>\n<li>Freundlicher, lokaler Service w\u00e4hrend deines gesamten Aufenthalts<\/li>\n<li>Keine Angabe von Kreditkartendaten erforderlich<\/li>\n<\/ul>\n<p><strong>Buchungsdetails<\/strong><\/p>\n<ul>\n<li>Mindestmietdauer: 3 Tage<\/li>\n<li>Kinder-\/Babysitze: kostenlos auf Anfrage<\/li>\n<li>Barzahlung in jeder g\u00e4ngigen W\u00e4hrung m\u00f6glich<\/li>\n<li>Lieferung am Flughafen\/Hafen \u2013 ein Vertreter empf\u00e4ngt dich bei deiner Ankunft<\/li>\n<\/ul>\n<p>\ud83d\udccd <strong>Standort:<\/strong> Hafenbereich Benitses, Korfu \ud83d\udcde +30 26610 72314 | \ud83d\udcf1 +30 697 655 0953 \u2709 <a class=\"decorated-link\" href=\"mailto:info@alphacarrental.gr\" rel=\"noopener\">info@alphacarrental.gr<\/a> | \ud83c\udf10 <a class=\"decorated-link\" href=\"https:\/\/www.alphacarrental.gr\" target=\"_new\" rel=\"noopener\">www.alphacarrental.gr<\/a><\/p>\n<hr \/>\n<h3>Fair Deal Car Rentals \u2013 Dassia &amp; Flughafen Korfu<\/h3>\n<p><strong>Fair Deal Car Rentals<\/strong> wurde 1972 gegr\u00fcndet und arbeitet direkt \u2013 <strong>kein Vermittler<\/strong> \u2013 mit B\u00fcros am Flughafen Korfu und in Dassia. Sie bieten eine gro\u00dfe Auswahl, von kleinen Stadtautos bis hin zu SUVs, 7- und 9-Sitzern.<\/p>\n<p><strong>Servicevorteile<\/strong><\/p>\n<ul>\n<li>Unbegrenzte Kilometer und Versicherung ohne Selbstbeteiligung<\/li>\n<li>Zweiter Fahrer kostenlos<\/li>\n<li>Keine Kreditkartenreservierung oder Zusatzgeb\u00fchren<\/li>\n<li>Lieferung \u00fcberall auf Korfu \u2013 Flughafen, Hafen, St\u00e4dte, Resorts, Hotels &amp; Villen<\/li>\n<\/ul>\n<p>Einfach online buchen \ud83d\udc49 <a class=\"decorated-link\" href=\"https:\/\/corfucarsrental.com\" target=\"_new\" rel=\"noopener\">corfucarsrental.com<\/a><\/p>\n<hr \/>\n<h3>Kerkyra Bikes \u2013 Roller &amp; Motorr\u00e4der in Benitses<\/h3>\n<p>Wenn du Korfu lieber auf zwei R\u00e4dern erkundest, bietet <strong>Kerkyra Bikes<\/strong> in Benitses zuverl\u00e4ssige Roller, Motorr\u00e4der und Fahrr\u00e4der mit <strong>Vollversicherung, Helmen und kostenloser Lieferung<\/strong>. Ideal f\u00fcr Alleinreisende und Paare, die Flexibilit\u00e4t und schnellen Zugang zur Insel sch\u00e4tzen.<\/p>\n<p>\ud83d\udccd Benitses \u2013 Korfu<br \/>\n\ud83d\udcde +30 26610 71220 | \ud83d\udcf1 +30 694 4688241<br \/>\n\u2709 <a class=\"decorated-link\" href=\"mailto:kerkirabikes@yahoo.gr\" rel=\"noopener\">kerkirabikes@yahoo.gr<br \/>\n<\/a><\/p>\n<hr \/>\n<h3>Welche Option passt zu dir<\/h3>\n<div class=\"_tableContainer_1rjym_1\">\n<div class=\"group _tableWrapper_1rjym_13 flex w-fit flex-col-reverse\" tabindex=\"-1\">\n<table class=\"w-fit min-w-(--thread-content-width)\">\n<thead>\n<tr>\n<th data-col-size=\"sm\">Bedarf<\/th>\n<th data-col-size=\"sm\">Beste Wahl<\/th>\n<\/tr>\n<\/thead>\n<tbody>\n<tr>\n<td data-col-size=\"sm\">Abholung am Flughafen, Lieferung auf der ganzen Insel<\/td>\n<td data-col-size=\"sm\"><strong>Fair Deal<\/strong><\/td>\n<\/tr>\n<tr>\n<td data-col-size=\"sm\">Lokale Vermietung in Benitses<\/td>\n<td data-col-size=\"sm\"><strong>Alpha Car Rental<\/strong><\/td>\n<\/tr>\n<tr>\n<td data-col-size=\"sm\">Roller oder Motorr\u00e4der<\/td>\n<td data-col-size=\"sm\"><strong>Kerkyra Bikes<\/strong><\/td>\n<\/tr>\n<\/tbody>\n<\/table>\n<\/div>\n<\/div>\n<hr \/>\n<h3>Praktische Tipps f\u00fcr das Mieten auf Korfu<\/h3>\n<ul>\n<li>Buche mindestens 2 Tage im Voraus \u2013 fr\u00fcher in der Hochsaison.<\/li>\n<li>\u00dcberpr\u00fcfe die Versicherungsbedingungen \u2013 lokale Anbieter bieten oft besseren Schutz als Vermittler.<\/li>\n<li>F\u00fcr Bergd\u00f6rfer und abgelegene Str\u00e4nde eignet sich ein kleiner SUV f\u00fcr die engen Stra\u00dfen.<\/li>\n<li>Fahrzeug bei der Abholung pr\u00fcfen und fotografieren.<\/li>\n<li>Nach griechischem Gesetz gilt Helmpflicht f\u00fcr Roller und Anschnallpflicht im Auto.<\/li>\n<\/ul>\n<hr \/>\n<h3>Verwandte Reisef\u00fchrer<\/h3>\n<ul>\n<li><a href=\"https:\/\/atcorfu.com\/de\/korfu\/\">Alle Informationen \u00fcber Korfu<\/a><\/li>\n<li><a href=\"https:\/\/atcorfu.com\/de\/benitses\/\">Benitses Reisef\u00fchrer<\/a><\/li>\n<li><a href=\"https:\/\/atcorfu.com\/de\/corfu-international-airport\/\">Informationen zum Flughafen Korfu<\/a><\/li>\n<\/ul>\n","protected":false},"excerpt":{"rendered":"<p>Entdecke Korfu frei und nach deinem eigenen Zeitplan. Ob du ein kompaktes Auto, einen 4&#215;4 oder einen Motorroller bevorzugst, um &hellip; <a class=\"kt-excerpt-readmore\" href=\"https:\/\/atcorfu.com\/de\/corfu-car-rental\/\" aria-label=\"Autovermietung in Korfu: Best Companies zu Besten Preisen\">Weiterlesen<\/a><\/p>\n","protected":false},"author":3,"featured_media":15204,"parent":0,"menu_order":0,"comment_status":"closed","ping_status":"closed","template":"","meta":{"kt_blocks_editor_width":"","footnotes":""},"class_list":["post-15100","page","type-page","status-publish","has-post-thumbnail","hentry"],"_links":{"self":[{"href":"https:\/\/atcorfu.com\/de\/wp-json\/wp\/v2\/pages\/15100","targetHints":{"allow":["GET"]}}],"collection":[{"href":"https:\/\/atcorfu.com\/de\/wp-json\/wp\/v2\/pages"}],"about":[{"href":"https:\/\/atcorfu.com\/de\/wp-json\/wp\/v2\/types\/page"}],"author":[{"embeddable":true,"href":"https:\/\/atcorfu.com\/de\/wp-json\/wp\/v2\/users\/3"}],"replies":[{"embeddable":true,"href":"https:\/\/atcorfu.com\/de\/wp-json\/wp\/v2\/comments?post=15100"}],"version-history":[{"count":5,"href":"https:\/\/atcorfu.com\/de\/wp-json\/wp\/v2\/pages\/15100\/revisions"}],"predecessor-version":[{"id":26721,"href":"https:\/\/atcorfu.com\/de\/wp-json\/wp\/v2\/pages\/15100\/revisions\/26721"}],"wp:featuredmedia":[{"embeddable":true,"href":"https:\/\/atcorfu.com\/de\/wp-json\/wp\/v2\/media\/15204"}],"wp:attachment":[{"href":"https:\/\/atcorfu.com\/de\/wp-json\/wp\/v2\/media?parent=15100"}],"curies":[{"name":"wp","href":"https:\/\/api.w.org\/{rel}","templated":true}]}}